{"id":1152,"date":"2025-10-18T12:13:02","date_gmt":"2025-10-18T15:13:02","guid":{"rendered":"https:\/\/qtaltchepilchas.com\/?post_type=product&#038;p=1152"},"modified":"2026-01-21T07:56:18","modified_gmt":"2026-01-21T10:56:18","slug":"bombacha-castelhana-gaucho-confeccoes","status":"publish","type":"product","link":"https:\/\/qtaltchepilchas.com\/?product=bombacha-castelhana-gaucho-confeccoes","title":{"rendered":"Bombacha Castelhana \u2013 Ga\u00facho Confec\u00e7\u00f5es"},"content":{"rendered":"<h3 data-start=\"183\" data-end=\"233\"><strong data-start=\"190\" data-end=\"233\">Bombacha Castelhana \u2013 Ga\u00facho Confec\u00e7\u00f5es<\/strong><\/h3>\n<p data-start=\"235\" data-end=\"614\"><strong data-start=\"235\" data-end=\"260\">Descri\u00e7\u00e3o do produto:<\/strong><br data-start=\"260\" data-end=\"263\" \/>A <strong data-start=\"265\" data-end=\"288\">Bombacha Castelhana<\/strong> da <strong data-start=\"292\" data-end=\"313\">Ga\u00facho Confec\u00e7\u00f5es<\/strong> \u00e9 uma pe\u00e7a tradicional e elegante, ideal para quem valoriza a autenticidade e o conforto da indument\u00e1ria ga\u00facha. Confeccionada em <strong data-start=\"444\" data-end=\"466\">sarja com elastano<\/strong>, ela oferece <strong data-start=\"480\" data-end=\"540\">excelente caimento, resist\u00eancia e liberdade de movimento<\/strong>, perfeita tanto para o uso no campo quanto para o dia a dia.<\/p>\n<p data-start=\"616\" data-end=\"642\"><strong data-start=\"616\" data-end=\"640\">Detalhes do produto:<\/strong><\/p>\n<ul data-start=\"643\" data-end=\"1029\">\n<li data-start=\"643\" data-end=\"707\">\n<p data-start=\"645\" data-end=\"707\">\ud83e\uddf5 <strong data-start=\"648\" data-end=\"659\">Tecido:<\/strong> Sarja com elastano (resistente e confort\u00e1vel)<\/p>\n<\/li>\n<li data-start=\"708\" data-end=\"735\">\n<p data-start=\"710\" data-end=\"735\">\ud83c\udfa8 <strong data-start=\"713\" data-end=\"721\">Cores:<\/strong> Verde musgo, cinza, preto, bege, azul marinho<\/p>\n<\/li>\n<li data-start=\"736\" data-end=\"808\">\n<p data-start=\"738\" data-end=\"808\">\ud83d\udc56 <strong data-start=\"741\" data-end=\"755\">Modelagem:<\/strong> Castelhana \u2013 corte tradicional com pregas frontais<\/p>\n<\/li>\n<li data-start=\"809\" data-end=\"857\">\n<p data-start=\"811\" data-end=\"857\">\u2699\ufe0f <strong data-start=\"814\" data-end=\"826\">Cintura:<\/strong> Fechamento com bot\u00e3o e z\u00edper<\/p>\n<\/li>\n<li data-start=\"858\" data-end=\"908\">\n<p data-start=\"860\" data-end=\"908\">\ud83d\udcbc <strong data-start=\"863\" data-end=\"874\">Bolsos:<\/strong> Laterais e traseiros funcionais<\/p>\n<\/li>\n<li data-start=\"909\" data-end=\"984\">\n<p data-start=\"911\" data-end=\"984\">\ud83e\udeb6 <strong data-start=\"914\" data-end=\"933\">Cinto opcional:<\/strong> Tradicional com detalhes regionais (n\u00e3o incluso)<\/p>\n<\/li>\n<li data-start=\"985\" data-end=\"1029\">\n<p data-start=\"987\" data-end=\"1029\">\ud83e\uddf7 <strong data-start=\"990\" data-end=\"1016\">Marca bordada \u201cGa\u00facho\u201d<\/strong> na lateral<\/p>\n<\/li>\n<\/ul>\n<p data-start=\"1031\" data-end=\"1169\"><strong data-start=\"1031\" data-end=\"1045\">Destaques:<\/strong><br data-start=\"1045\" data-end=\"1048\" \/>\u2705 Alta durabilidade e conforto<br data-start=\"1078\" data-end=\"1081\" \/>\u2705 Estilo tradicional e aut\u00eantico do ga\u00facho<br data-start=\"1123\" data-end=\"1126\" \/>\u2705 Ideal para rodeios, festas e uso di\u00e1rio<\/p>\n<p data-start=\"1171\" data-end=\"1235\"><strong data-start=\"1171\" data-end=\"1191\">Disponibilidade:<\/strong><br data-start=\"1191\" data-end=\"1194\" \/>Tamanhos variados \u2013 consulte o estoque.<\/p>\n<p data-start=\"1171\" data-end=\"1235\">Aten\u00e7\u00e3o:<br \/>\n1\u00ba Passo &#8211; Escolher o tamanho;<br \/>\n2\u00ba Passo &#8211; Escolher a cor.<\/p>\n<p data-start=\"1171\" data-end=\"1235\">\n","protected":false},"excerpt":{"rendered":"<p data-start=\"183\" data-end=\"233\">Bombacha Castelhana \u2013 Ga\u00facho Confec\u00e7\u00f5es<br \/>\nAten\u00e7\u00e3o:<br \/>\n1\u00ba Passo &#8211; Escolher o tamanho;<br \/>\n2\u00ba Passo &#8211; Escolher a cor.<\/p>\n","protected":false},"featured_media":1658,"comment_status":"open","ping_status":"closed","template":"","meta":[],"product_brand":[],"product_cat":[33,24],"product_tag":[147,86,89,175,18,224],"class_list":{"0":"post-1152","1":"product","2":"type-product","3":"status-publish","4":"has-post-thumbnail","6":"product_cat-bombachas","7":"product_cat-pilcha-masculina","8":"product_tag-argentina","9":"product_tag-bombacha","10":"product_tag-castelhana","11":"product_tag-friso","12":"product_tag-gaucho","13":"product_tag-uruguaia","15":"first","16":"instock","17":"sale","18":"sold-individually","19":"shipping-taxable","20":"purchasable","21":"product-type-variable"},"_links":{"self":[{"href":"https:\/\/qtaltchepilchas.com\/index.php?rest_route=\/wp\/v2\/product\/1152","targetHints":{"allow":["GET"]}}],"collection":[{"href":"https:\/\/qtaltchepilchas.com\/index.php?rest_route=\/wp\/v2\/product"}],"about":[{"href":"https:\/\/qtaltchepilchas.com\/index.php?rest_route=\/wp\/v2\/types\/product"}],"replies":[{"embeddable":true,"href":"https:\/\/qtaltchepilchas.com\/index.php?rest_route=%2Fwp%2Fv2%2Fcomments&post=1152"}],"wp:featuredmedia":[{"embeddable":true,"href":"https:\/\/qtaltchepilchas.com\/index.php?rest_route=\/wp\/v2\/media\/1658"}],"wp:attachment":[{"href":"https:\/\/qtaltchepilchas.com\/index.php?rest_route=%2Fwp%2Fv2%2Fmedia&parent=1152"}],"wp:term":[{"taxonomy":"product_brand","embeddable":true,"href":"https:\/\/qtaltchepilchas.com\/index.php?rest_route=%2Fwp%2Fv2%2Fproduct_brand&post=1152"},{"taxonomy":"product_cat","embeddable":true,"href":"https:\/\/qtaltchepilchas.com\/index.php?rest_route=%2Fwp%2Fv2%2Fproduct_cat&post=1152"},{"taxonomy":"product_tag","embeddable":true,"href":"https:\/\/qtaltchepilchas.com\/index.php?rest_route=%2Fwp%2Fv2%2Fproduct_tag&post=1152"}],"curies":[{"name":"wp","href":"https:\/\/api.w.org\/{rel}","templated":true}]}}