{"id":1198,"date":"2025-10-23T14:36:25","date_gmt":"2025-10-23T17:36:25","guid":{"rendered":"https:\/\/qtaltchepilchas.com\/?post_type=product&#038;p=1198"},"modified":"2026-03-03T17:29:17","modified_gmt":"2026-03-03T20:29:17","slug":"barbicacho-couro-trancado-rustico-e-tradicional","status":"publish","type":"product","link":"https:\/\/qtaltchepilchas.com\/?product=barbicacho-couro-trancado-rustico-e-tradicional","title":{"rendered":"Barbicacho Couro Tran\u00e7ado &#8211; R\u00fastico e Tradicional"},"content":{"rendered":"<p>Barbicacho Couro Tran\u00e7ado &#8211; R\u00fastico e Tradicional<\/p>\n<p>O barbicacho ga\u00facho \u00e9 um acess\u00f3rio de chap\u00e9u usado para prend\u00ea-lo ao queixo, evitando que caia com o vento ou durante atividades como cavalgada. \u00c9 feito de diversos materiais, como couro e metal, e pode ter diferentes estilos, incluindo o barbicacho &#8220;queijeira&#8221; e a &#8220;nuqueira&#8221;.<br \/>\nTipos de barbicacho<br \/>\nQueijeira: Envolve a ponta do queixo, geralmente com uma sobra que pode ser usada para tr\u00e1s.<br \/>\nNuqueira: Fica atr\u00e1s da nuca, sem a sobra que vai para a frente.<br \/>\nCom Medalha ou Bras\u00e3o: Apresenta detalhes em metal, como medalhas ou bras\u00f5es, que podem ter o s\u00edmbolo do estado do Rio Grande do Sul ou cavalos crioulos.<br \/>\nDe Couro Tran\u00e7ado: Com um design r\u00fastico e tradicional.<\/p>\n","protected":false},"excerpt":{"rendered":"<p>Barbicacho Couro Tran\u00e7ado &#8211; R\u00fastico e Tradicional<\/p>\n","protected":false},"featured_media":1199,"comment_status":"open","ping_status":"closed","template":"","meta":[],"product_brand":[],"product_cat":[28,56],"product_tag":[225,16,75,228,227,226],"class_list":{"0":"post-1198","1":"product","2":"type-product","3":"status-publish","4":"has-post-thumbnail","6":"product_cat-acessorios-na-pilcha","7":"product_cat-barbicachos","8":"product_tag-barbicacho","9":"product_tag-chapeu","10":"product_tag-couro","11":"product_tag-queijeira","12":"product_tag-testeira","13":"product_tag-trancado","15":"first","16":"instock","17":"sold-individually","18":"shipping-taxable","19":"purchasable","20":"product-type-variable"},"_links":{"self":[{"href":"https:\/\/qtaltchepilchas.com\/index.php?rest_route=\/wp\/v2\/product\/1198","targetHints":{"allow":["GET"]}}],"collection":[{"href":"https:\/\/qtaltchepilchas.com\/index.php?rest_route=\/wp\/v2\/product"}],"about":[{"href":"https:\/\/qtaltchepilchas.com\/index.php?rest_route=\/wp\/v2\/types\/product"}],"replies":[{"embeddable":true,"href":"https:\/\/qtaltchepilchas.com\/index.php?rest_route=%2Fwp%2Fv2%2Fcomments&post=1198"}],"wp:featuredmedia":[{"embeddable":true,"href":"https:\/\/qtaltchepilchas.com\/index.php?rest_route=\/wp\/v2\/media\/1199"}],"wp:attachment":[{"href":"https:\/\/qtaltchepilchas.com\/index.php?rest_route=%2Fwp%2Fv2%2Fmedia&parent=1198"}],"wp:term":[{"taxonomy":"product_brand","embeddable":true,"href":"https:\/\/qtaltchepilchas.com\/index.php?rest_route=%2Fwp%2Fv2%2Fproduct_brand&post=1198"},{"taxonomy":"product_cat","embeddable":true,"href":"https:\/\/qtaltchepilchas.com\/index.php?rest_route=%2Fwp%2Fv2%2Fproduct_cat&post=1198"},{"taxonomy":"product_tag","embeddable":true,"href":"https:\/\/qtaltchepilchas.com\/index.php?rest_route=%2Fwp%2Fv2%2Fproduct_tag&post=1198"}],"curies":[{"name":"wp","href":"https:\/\/api.w.org\/{rel}","templated":true}]}}