{"id":12,"date":"2025-08-07T17:30:55","date_gmt":"2025-08-07T20:30:55","guid":{"rendered":"https:\/\/qtaltchepilchas.com\/?post_type=product&#038;p=12"},"modified":"2025-12-03T16:55:49","modified_gmt":"2025-12-03T19:55:49","slug":"chapeu-regional-serrano-2009-aba-larga","status":"publish","type":"product","link":"https:\/\/qtaltchepilchas.com\/?product=chapeu-regional-serrano-2009-aba-larga","title":{"rendered":"Chap\u00e9u Regional Serrano 2009 (aba larga)"},"content":{"rendered":"<p>Chap\u00e9u Reginal Ga\u00facho aba larga copa baixa, linha feltro l\u00e3, modelo: Serrano 2009 fabricante: Pralana<\/p>\n","protected":false},"excerpt":{"rendered":"<p>Chap\u00e9u Reginal Ga\u00facho aba larga copa baixa, linha feltro l\u00e3, modelo: Serrano 2009 fabricante: Pralana<\/p>\n","protected":false},"featured_media":13,"comment_status":"open","ping_status":"closed","template":"","meta":[],"product_brand":[],"product_cat":[15,24],"product_tag":[16,21,18,22,17,19,20],"class_list":{"0":"post-12","1":"product","2":"type-product","3":"status-publish","4":"has-post-thumbnail","6":"product_cat-chapeus-pilcha-masculina","7":"product_cat-pilcha-masculina","8":"product_tag-chapeu","9":"product_tag-cultura-gaucha","10":"product_tag-gaucho","11":"product_tag-pilchas","12":"product_tag-reguinal","13":"product_tag-tradicao","14":"product_tag-tradicionalismo","16":"first","17":"instock","18":"sold-individually","19":"shipping-taxable","20":"purchasable","21":"product-type-variable"},"_links":{"self":[{"href":"https:\/\/qtaltchepilchas.com\/index.php?rest_route=\/wp\/v2\/product\/12","targetHints":{"allow":["GET"]}}],"collection":[{"href":"https:\/\/qtaltchepilchas.com\/index.php?rest_route=\/wp\/v2\/product"}],"about":[{"href":"https:\/\/qtaltchepilchas.com\/index.php?rest_route=\/wp\/v2\/types\/product"}],"replies":[{"embeddable":true,"href":"https:\/\/qtaltchepilchas.com\/index.php?rest_route=%2Fwp%2Fv2%2Fcomments&post=12"}],"wp:featuredmedia":[{"embeddable":true,"href":"https:\/\/qtaltchepilchas.com\/index.php?rest_route=\/wp\/v2\/media\/13"}],"wp:attachment":[{"href":"https:\/\/qtaltchepilchas.com\/index.php?rest_route=%2Fwp%2Fv2%2Fmedia&parent=12"}],"wp:term":[{"taxonomy":"product_brand","embeddable":true,"href":"https:\/\/qtaltchepilchas.com\/index.php?rest_route=%2Fwp%2Fv2%2Fproduct_brand&post=12"},{"taxonomy":"product_cat","embeddable":true,"href":"https:\/\/qtaltchepilchas.com\/index.php?rest_route=%2Fwp%2Fv2%2Fproduct_cat&post=12"},{"taxonomy":"product_tag","embeddable":true,"href":"https:\/\/qtaltchepilchas.com\/index.php?rest_route=%2Fwp%2Fv2%2Fproduct_tag&post=12"}],"curies":[{"name":"wp","href":"https:\/\/api.w.org\/{rel}","templated":true}]}}