{"id":1242,"date":"2025-10-24T11:19:42","date_gmt":"2025-10-24T14:19:42","guid":{"rendered":"https:\/\/qtaltchepilchas.com\/?post_type=product&#038;p=1242"},"modified":"2025-10-24T11:19:42","modified_gmt":"2025-10-24T14:19:42","slug":"revolucao-farroupilha_infantojuvenil-luiz-alfredo-borges","status":"publish","type":"product","link":"https:\/\/qtaltchepilchas.com\/?product=revolucao-farroupilha_infantojuvenil-luiz-alfredo-borges","title":{"rendered":"Revolu\u00e7\u00e3o Farroupilha_infantojuvenil &#8211; Luiz Alfredo Borges"},"content":{"rendered":"<p>Revolu\u00e7\u00e3o Farroupilha_infantojuvenil &#8211; Luiz Alfredo Borges<\/p>\n","protected":false},"excerpt":{"rendered":"<p>Revolu\u00e7\u00e3o Farroupilha_infantojuvenil &#8211; Luiz Alfredo Borges<\/p>\n","protected":false},"featured_media":1243,"comment_status":"open","ping_status":"closed","template":"","meta":[],"product_brand":[],"product_cat":[29,182],"product_tag":[170,18,218,220,237,20],"class_list":{"0":"post-1242","1":"product","2":"type-product","3":"status-publish","4":"has-post-thumbnail","6":"product_cat-literatura-musica","7":"product_cat-livros","8":"product_tag-farroupilha","9":"product_tag-gaucho","10":"product_tag-livro","11":"product_tag-martins-livreiro","12":"product_tag-revolucao","13":"product_tag-tradicionalismo","15":"first","16":"instock","17":"sale","18":"sold-individually","19":"shipping-taxable","20":"purchasable","21":"product-type-simple"},"_links":{"self":[{"href":"https:\/\/qtaltchepilchas.com\/index.php?rest_route=\/wp\/v2\/product\/1242","targetHints":{"allow":["GET"]}}],"collection":[{"href":"https:\/\/qtaltchepilchas.com\/index.php?rest_route=\/wp\/v2\/product"}],"about":[{"href":"https:\/\/qtaltchepilchas.com\/index.php?rest_route=\/wp\/v2\/types\/product"}],"replies":[{"embeddable":true,"href":"https:\/\/qtaltchepilchas.com\/index.php?rest_route=%2Fwp%2Fv2%2Fcomments&post=1242"}],"wp:featuredmedia":[{"embeddable":true,"href":"https:\/\/qtaltchepilchas.com\/index.php?rest_route=\/wp\/v2\/media\/1243"}],"wp:attachment":[{"href":"https:\/\/qtaltchepilchas.com\/index.php?rest_route=%2Fwp%2Fv2%2Fmedia&parent=1242"}],"wp:term":[{"taxonomy":"product_brand","embeddable":true,"href":"https:\/\/qtaltchepilchas.com\/index.php?rest_route=%2Fwp%2Fv2%2Fproduct_brand&post=1242"},{"taxonomy":"product_cat","embeddable":true,"href":"https:\/\/qtaltchepilchas.com\/index.php?rest_route=%2Fwp%2Fv2%2Fproduct_cat&post=1242"},{"taxonomy":"product_tag","embeddable":true,"href":"https:\/\/qtaltchepilchas.com\/index.php?rest_route=%2Fwp%2Fv2%2Fproduct_tag&post=1242"}],"curies":[{"name":"wp","href":"https:\/\/api.w.org\/{rel}","templated":true}]}}