{"id":1245,"date":"2025-10-24T11:25:15","date_gmt":"2025-10-24T14:25:15","guid":{"rendered":"https:\/\/qtaltchepilchas.com\/?post_type=product&#038;p=1245"},"modified":"2025-10-24T11:25:57","modified_gmt":"2025-10-24T14:25:57","slug":"livro-simbolos-civicos-do-rs_uma-heranca-farroupilha-ivo-benfatto","status":"publish","type":"product","link":"https:\/\/qtaltchepilchas.com\/?product=livro-simbolos-civicos-do-rs_uma-heranca-farroupilha-ivo-benfatto","title":{"rendered":"Livro S\u00edmbolos C\u00edvicos do RS_Uma heran\u00e7a Farroupilha &#8211; Ivo Benfatto"},"content":{"rendered":"<p>Livro S\u00edmbolos C\u00edvicos do RS_Uma heran\u00e7a Farroupilha &#8211; Ivo Benfatto<\/p>\n","protected":false},"excerpt":{"rendered":"<p>Livro S\u00edmbolos C\u00edvicos do RS_Uma heran\u00e7a Farroupilha &#8211; Ivo Benfatto<\/p>\n","protected":false},"featured_media":1246,"comment_status":"open","ping_status":"closed","template":"","meta":[],"product_brand":[],"product_cat":[29,182],"product_tag":[239,18,218,220,238],"class_list":{"0":"post-1245","1":"product","2":"type-product","3":"status-publish","4":"has-post-thumbnail","6":"product_cat-literatura-musica","7":"product_cat-livros","8":"product_tag-civicos","9":"product_tag-gaucho","10":"product_tag-livro","11":"product_tag-martins-livreiro","12":"product_tag-simbolos","14":"first","15":"instock","16":"sale","17":"sold-individually","18":"shipping-taxable","19":"purchasable","20":"product-type-simple"},"_links":{"self":[{"href":"https:\/\/qtaltchepilchas.com\/index.php?rest_route=\/wp\/v2\/product\/1245","targetHints":{"allow":["GET"]}}],"collection":[{"href":"https:\/\/qtaltchepilchas.com\/index.php?rest_route=\/wp\/v2\/product"}],"about":[{"href":"https:\/\/qtaltchepilchas.com\/index.php?rest_route=\/wp\/v2\/types\/product"}],"replies":[{"embeddable":true,"href":"https:\/\/qtaltchepilchas.com\/index.php?rest_route=%2Fwp%2Fv2%2Fcomments&post=1245"}],"wp:featuredmedia":[{"embeddable":true,"href":"https:\/\/qtaltchepilchas.com\/index.php?rest_route=\/wp\/v2\/media\/1246"}],"wp:attachment":[{"href":"https:\/\/qtaltchepilchas.com\/index.php?rest_route=%2Fwp%2Fv2%2Fmedia&parent=1245"}],"wp:term":[{"taxonomy":"product_brand","embeddable":true,"href":"https:\/\/qtaltchepilchas.com\/index.php?rest_route=%2Fwp%2Fv2%2Fproduct_brand&post=1245"},{"taxonomy":"product_cat","embeddable":true,"href":"https:\/\/qtaltchepilchas.com\/index.php?rest_route=%2Fwp%2Fv2%2Fproduct_cat&post=1245"},{"taxonomy":"product_tag","embeddable":true,"href":"https:\/\/qtaltchepilchas.com\/index.php?rest_route=%2Fwp%2Fv2%2Fproduct_tag&post=1245"}],"curies":[{"name":"wp","href":"https:\/\/api.w.org\/{rel}","templated":true}]}}