{"id":1368,"date":"2025-11-06T10:27:56","date_gmt":"2025-11-06T13:27:56","guid":{"rendered":"https:\/\/qtaltchepilchas.com\/?post_type=product&#038;p=1368"},"modified":"2025-11-06T10:37:18","modified_gmt":"2025-11-06T13:37:18","slug":"saia-de-armacao-adulta","status":"publish","type":"product","link":"https:\/\/qtaltchepilchas.com\/?product=saia-de-armacao-adulta","title":{"rendered":"Saia de Arma\u00e7\u00e3o &#8211; Adulta"},"content":{"rendered":"<p>Saia de Arma\u00e7\u00e3o &#8211; Adulta<\/p>\n","protected":false},"excerpt":{"rendered":"<p>Saia de Arma\u00e7\u00e3o &#8211; Adulta<\/p>\n","protected":false},"featured_media":1370,"comment_status":"open","ping_status":"closed","template":"","meta":[],"product_brand":[],"product_cat":[25,41],"product_tag":[254,255,178],"class_list":{"0":"post-1368","1":"product","2":"type-product","3":"status-publish","4":"has-post-thumbnail","6":"product_cat-pilcha-feminina","7":"product_cat-saia-de-armacao-e-anagua","8":"product_tag-armacao","9":"product_tag-filo","10":"product_tag-saia","12":"first","13":"instock","14":"sold-individually","15":"shipping-taxable","16":"purchasable","17":"product-type-variable"},"_links":{"self":[{"href":"https:\/\/qtaltchepilchas.com\/index.php?rest_route=\/wp\/v2\/product\/1368","targetHints":{"allow":["GET"]}}],"collection":[{"href":"https:\/\/qtaltchepilchas.com\/index.php?rest_route=\/wp\/v2\/product"}],"about":[{"href":"https:\/\/qtaltchepilchas.com\/index.php?rest_route=\/wp\/v2\/types\/product"}],"replies":[{"embeddable":true,"href":"https:\/\/qtaltchepilchas.com\/index.php?rest_route=%2Fwp%2Fv2%2Fcomments&post=1368"}],"wp:featuredmedia":[{"embeddable":true,"href":"https:\/\/qtaltchepilchas.com\/index.php?rest_route=\/wp\/v2\/media\/1370"}],"wp:attachment":[{"href":"https:\/\/qtaltchepilchas.com\/index.php?rest_route=%2Fwp%2Fv2%2Fmedia&parent=1368"}],"wp:term":[{"taxonomy":"product_brand","embeddable":true,"href":"https:\/\/qtaltchepilchas.com\/index.php?rest_route=%2Fwp%2Fv2%2Fproduct_brand&post=1368"},{"taxonomy":"product_cat","embeddable":true,"href":"https:\/\/qtaltchepilchas.com\/index.php?rest_route=%2Fwp%2Fv2%2Fproduct_cat&post=1368"},{"taxonomy":"product_tag","embeddable":true,"href":"https:\/\/qtaltchepilchas.com\/index.php?rest_route=%2Fwp%2Fv2%2Fproduct_tag&post=1368"}],"curies":[{"name":"wp","href":"https:\/\/api.w.org\/{rel}","templated":true}]}}