{"id":154,"date":"2025-08-09T18:04:27","date_gmt":"2025-08-09T21:04:27","guid":{"rendered":"https:\/\/qtaltchepilchas.com\/?post_type=product&#038;p=154"},"modified":"2025-09-20T13:12:15","modified_gmt":"2025-09-20T16:12:15","slug":"chapeu-regional-serrano-aba-media-pralana","status":"publish","type":"product","link":"https:\/\/qtaltchepilchas.com\/?product=chapeu-regional-serrano-aba-media-pralana","title":{"rendered":"Chap\u00e9u Regional Serrano (aba m\u00e9dia) &#8211; Pralana"},"content":{"rendered":"<p>Chap\u00e9u de aba m\u00e9dia copa baixa linha feltro l\u00e3 modelo serrano do fabricante Pralana.<\/p>\n","protected":false},"excerpt":{"rendered":"<p>Chap\u00e9u de aba m\u00e9dia copa baixa linha feltro l\u00e3 modelo serrano do fabricante Pralana.<\/p>\n","protected":false},"featured_media":155,"comment_status":"open","ping_status":"closed","template":"","meta":[],"product_brand":[],"product_cat":[15,24],"product_tag":[],"class_list":{"0":"post-154","1":"product","2":"type-product","3":"status-publish","4":"has-post-thumbnail","6":"product_cat-chapeus-pilcha-masculina","7":"product_cat-pilcha-masculina","9":"first","10":"instock","11":"sold-individually","12":"shipping-taxable","13":"purchasable","14":"product-type-variable"},"_links":{"self":[{"href":"https:\/\/qtaltchepilchas.com\/index.php?rest_route=\/wp\/v2\/product\/154","targetHints":{"allow":["GET"]}}],"collection":[{"href":"https:\/\/qtaltchepilchas.com\/index.php?rest_route=\/wp\/v2\/product"}],"about":[{"href":"https:\/\/qtaltchepilchas.com\/index.php?rest_route=\/wp\/v2\/types\/product"}],"replies":[{"embeddable":true,"href":"https:\/\/qtaltchepilchas.com\/index.php?rest_route=%2Fwp%2Fv2%2Fcomments&post=154"}],"wp:featuredmedia":[{"embeddable":true,"href":"https:\/\/qtaltchepilchas.com\/index.php?rest_route=\/wp\/v2\/media\/155"}],"wp:attachment":[{"href":"https:\/\/qtaltchepilchas.com\/index.php?rest_route=%2Fwp%2Fv2%2Fmedia&parent=154"}],"wp:term":[{"taxonomy":"product_brand","embeddable":true,"href":"https:\/\/qtaltchepilchas.com\/index.php?rest_route=%2Fwp%2Fv2%2Fproduct_brand&post=154"},{"taxonomy":"product_cat","embeddable":true,"href":"https:\/\/qtaltchepilchas.com\/index.php?rest_route=%2Fwp%2Fv2%2Fproduct_cat&post=154"},{"taxonomy":"product_tag","embeddable":true,"href":"https:\/\/qtaltchepilchas.com\/index.php?rest_route=%2Fwp%2Fv2%2Fproduct_tag&post=154"}],"curies":[{"name":"wp","href":"https:\/\/api.w.org\/{rel}","templated":true}]}}