{"id":1767,"date":"2026-04-17T20:18:10","date_gmt":"2026-04-17T23:18:10","guid":{"rendered":"https:\/\/qtaltchepilchas.com\/?post_type=product&#038;p=1767"},"modified":"2026-04-17T20:18:10","modified_gmt":"2026-04-17T23:18:10","slug":"cuia-porongo-frases","status":"publish","type":"product","link":"https:\/\/qtaltchepilchas.com\/?product=cuia-porongo-frases","title":{"rendered":"Cuia Porongo &#8211; Frases"},"content":{"rendered":"<p>Cuia Porongo &#8211; Frases<\/p>\n<p>Amor E CHIMARR\u00c3O FAZEM BEM A Alma E AO CORA\u00c7\u00c3O<\/p>\n","protected":false},"excerpt":{"rendered":"<p>Cuia Porongo &#8211; Frases<\/p>\n<p>Amor E CHIMARR\u00c3O FAZEM BEM A Alma E AO CORA\u00c7\u00c3O<\/p>\n","protected":false},"featured_media":1768,"comment_status":"open","ping_status":"closed","template":"","meta":[],"product_brand":[],"product_cat":[26,44],"product_tag":[97,298,102],"class_list":{"0":"post-1767","1":"product","2":"type-product","3":"status-publish","4":"has-post-thumbnail","6":"product_cat-chimarrao","7":"product_cat-cuias","8":"product_tag-cuia","9":"product_tag-frases","10":"product_tag-porongo","12":"first","13":"instock","14":"sold-individually","15":"shipping-taxable","16":"purchasable","17":"product-type-simple"},"_links":{"self":[{"href":"https:\/\/qtaltchepilchas.com\/index.php?rest_route=\/wp\/v2\/product\/1767","targetHints":{"allow":["GET"]}}],"collection":[{"href":"https:\/\/qtaltchepilchas.com\/index.php?rest_route=\/wp\/v2\/product"}],"about":[{"href":"https:\/\/qtaltchepilchas.com\/index.php?rest_route=\/wp\/v2\/types\/product"}],"replies":[{"embeddable":true,"href":"https:\/\/qtaltchepilchas.com\/index.php?rest_route=%2Fwp%2Fv2%2Fcomments&post=1767"}],"wp:featuredmedia":[{"embeddable":true,"href":"https:\/\/qtaltchepilchas.com\/index.php?rest_route=\/wp\/v2\/media\/1768"}],"wp:attachment":[{"href":"https:\/\/qtaltchepilchas.com\/index.php?rest_route=%2Fwp%2Fv2%2Fmedia&parent=1767"}],"wp:term":[{"taxonomy":"product_brand","embeddable":true,"href":"https:\/\/qtaltchepilchas.com\/index.php?rest_route=%2Fwp%2Fv2%2Fproduct_brand&post=1767"},{"taxonomy":"product_cat","embeddable":true,"href":"https:\/\/qtaltchepilchas.com\/index.php?rest_route=%2Fwp%2Fv2%2Fproduct_cat&post=1767"},{"taxonomy":"product_tag","embeddable":true,"href":"https:\/\/qtaltchepilchas.com\/index.php?rest_route=%2Fwp%2Fv2%2Fproduct_tag&post=1767"}],"curies":[{"name":"wp","href":"https:\/\/api.w.org\/{rel}","templated":true}]}}