{"id":282,"date":"2025-08-12T17:26:23","date_gmt":"2025-08-12T20:26:23","guid":{"rendered":"https:\/\/qtaltchepilchas.com\/?post_type=product&#038;p=282"},"modified":"2025-09-27T12:19:04","modified_gmt":"2025-09-27T15:19:04","slug":"bombacha-favo-lacador-gaucho","status":"publish","type":"product","link":"https:\/\/qtaltchepilchas.com\/?product=bombacha-favo-lacador-gaucho","title":{"rendered":"Bombacha Favo La\u00e7ador &#8211; Ga\u00facho"},"content":{"rendered":"<p>Bombacha de sarja, com favo, modelo la\u00e7ador, marca Ga\u00facho.<\/p>\n","protected":false},"excerpt":{"rendered":"<p>Bombacha de sarja, com favo, modelo la\u00e7ador, marca Ga\u00facho.<\/p>\n","protected":false},"featured_media":45,"comment_status":"open","ping_status":"closed","template":"","meta":[],"product_brand":[],"product_cat":[33,24],"product_tag":[],"class_list":{"0":"post-282","1":"product","2":"type-product","3":"status-publish","4":"has-post-thumbnail","6":"product_cat-bombachas","7":"product_cat-pilcha-masculina","9":"first","10":"instock","11":"sold-individually","12":"shipping-taxable","13":"purchasable","14":"product-type-variable"},"_links":{"self":[{"href":"https:\/\/qtaltchepilchas.com\/index.php?rest_route=\/wp\/v2\/product\/282","targetHints":{"allow":["GET"]}}],"collection":[{"href":"https:\/\/qtaltchepilchas.com\/index.php?rest_route=\/wp\/v2\/product"}],"about":[{"href":"https:\/\/qtaltchepilchas.com\/index.php?rest_route=\/wp\/v2\/types\/product"}],"replies":[{"embeddable":true,"href":"https:\/\/qtaltchepilchas.com\/index.php?rest_route=%2Fwp%2Fv2%2Fcomments&post=282"}],"wp:featuredmedia":[{"embeddable":true,"href":"https:\/\/qtaltchepilchas.com\/index.php?rest_route=\/wp\/v2\/media\/45"}],"wp:attachment":[{"href":"https:\/\/qtaltchepilchas.com\/index.php?rest_route=%2Fwp%2Fv2%2Fmedia&parent=282"}],"wp:term":[{"taxonomy":"product_brand","embeddable":true,"href":"https:\/\/qtaltchepilchas.com\/index.php?rest_route=%2Fwp%2Fv2%2Fproduct_brand&post=282"},{"taxonomy":"product_cat","embeddable":true,"href":"https:\/\/qtaltchepilchas.com\/index.php?rest_route=%2Fwp%2Fv2%2Fproduct_cat&post=282"},{"taxonomy":"product_tag","embeddable":true,"href":"https:\/\/qtaltchepilchas.com\/index.php?rest_route=%2Fwp%2Fv2%2Fproduct_tag&post=282"}],"curies":[{"name":"wp","href":"https:\/\/api.w.org\/{rel}","templated":true}]}}