{"id":323,"date":"2025-08-14T14:19:01","date_gmt":"2025-08-14T17:19:01","guid":{"rendered":"https:\/\/qtaltchepilchas.com\/?post_type=product&#038;p=323"},"modified":"2025-08-15T10:31:42","modified_gmt":"2025-08-15T13:31:42","slug":"faca-aco-carbono-gaucha","status":"publish","type":"product","link":"https:\/\/qtaltchepilchas.com\/?product=faca-aco-carbono-gaucha","title":{"rendered":"Faca A\u00e7o Carbono &#8211; Ga\u00facha"},"content":{"rendered":"<p>Faca em a\u00e7o carbono 3,75 mm de espessura com cabo de fibra desenhado e bainha em couro<\/p>\n","protected":false},"excerpt":{"rendered":"<p>Faca A\u00e7o Carbono &#8211; Ga\u00facha<\/p>\n","protected":false},"featured_media":324,"comment_status":"open","ping_status":"closed","template":"","meta":[],"product_brand":[],"product_cat":[28,57],"product_tag":[73,78,77,76,74],"class_list":{"0":"post-323","1":"product","2":"type-product","3":"status-publish","4":"has-post-thumbnail","6":"product_cat-acessorios-na-pilcha","7":"product_cat-facas","8":"product_tag-campeira","9":"product_tag-carbono","10":"product_tag-churrasco","11":"product_tag-faca","12":"product_tag-gaucha","14":"first","15":"instock","16":"shipping-taxable","17":"purchasable","18":"product-type-variable"},"_links":{"self":[{"href":"https:\/\/qtaltchepilchas.com\/index.php?rest_route=\/wp\/v2\/product\/323","targetHints":{"allow":["GET"]}}],"collection":[{"href":"https:\/\/qtaltchepilchas.com\/index.php?rest_route=\/wp\/v2\/product"}],"about":[{"href":"https:\/\/qtaltchepilchas.com\/index.php?rest_route=\/wp\/v2\/types\/product"}],"replies":[{"embeddable":true,"href":"https:\/\/qtaltchepilchas.com\/index.php?rest_route=%2Fwp%2Fv2%2Fcomments&post=323"}],"wp:featuredmedia":[{"embeddable":true,"href":"https:\/\/qtaltchepilchas.com\/index.php?rest_route=\/wp\/v2\/media\/324"}],"wp:attachment":[{"href":"https:\/\/qtaltchepilchas.com\/index.php?rest_route=%2Fwp%2Fv2%2Fmedia&parent=323"}],"wp:term":[{"taxonomy":"product_brand","embeddable":true,"href":"https:\/\/qtaltchepilchas.com\/index.php?rest_route=%2Fwp%2Fv2%2Fproduct_brand&post=323"},{"taxonomy":"product_cat","embeddable":true,"href":"https:\/\/qtaltchepilchas.com\/index.php?rest_route=%2Fwp%2Fv2%2Fproduct_cat&post=323"},{"taxonomy":"product_tag","embeddable":true,"href":"https:\/\/qtaltchepilchas.com\/index.php?rest_route=%2Fwp%2Fv2%2Fproduct_tag&post=323"}],"curies":[{"name":"wp","href":"https:\/\/api.w.org\/{rel}","templated":true}]}}