{"id":362,"date":"2025-08-16T21:02:44","date_gmt":"2025-08-17T00:02:44","guid":{"rendered":"https:\/\/qtaltchepilchas.com\/?post_type=product&#038;p=362"},"modified":"2026-02-02T18:39:43","modified_gmt":"2026-02-02T21:39:43","slug":"bota-fossil-cafe-beretta","status":"publish","type":"product","link":"https:\/\/qtaltchepilchas.com\/?product=bota-fossil-cafe-beretta","title":{"rendered":"Bota Fossil Caf\u00e9 &#8211; Beretta"},"content":{"rendered":"<p>As\u00a0Botas Beretta\u00a0(Toretto), s\u00e3o\u00a0produtos\u00a0confeccionados em couro leg\u00edtimo, trazendo mais conforto, qualidade e um estilo bem diferenciado.<br \/>\nDescri\u00e7\u00e3o: Cabedal todo confeccionado em couro vacum.<br \/>\nForro interno do cal\u00e7ado em tecido com espuma de 3mm.<br \/>\nSolado em borracha anti derrapagem, com desenhos t\u00e9cnicos para deixar seu passo seguro.<br \/>\nPalmilhas anat\u00f4mica em \u00a0Gel de P.U. de alta performance, que n\u00e3o mucha ou afina nunca forrada em couro.<br \/>\nObs.: Devido ao material da bota ser de couro, as tonalidades podem variar.<\/p>\n<p class=\"p2\"><strong><em>TABELA DE MEDIDAS:<\/em><\/strong><\/p>\n<p class=\"p1\">N\u00daMERO (Sugest\u00e3o)\u00a0\u00a0\u00a0|\u00a0\u00a0\u00a0MEDIDA DO P\u00c9 (cm)<\/p>\n<p class=\"p1\">&#8212;&#8212;&#8212;&#8212;&#8212;&#8212;&#8211;|&#8212;&#8212;&#8212;&#8212;&#8212;&#8212;&#8212;-<\/p>\n<p class=\"p1\"><span class=\"s1\">33<\/span>\u00a0 \u00a0 \u00a0 \u00a0 \u00a0 \u00a0 \u00a0 \u00a0 \u00a0\u00a0 \u00a0 \u00a0|\u00a0\u00a0\u00a0 \u00a0 \u00a0 \u00a0 \u00a0 \u00a0 \u00a0<span class=\"s1\">23<\/span><\/p>\n<p class=\"p1\"><span class=\"s1\">34<\/span>\u00a0 \u00a0 \u00a0 \u00a0 \u00a0 \u00a0 \u00a0 \u00a0 \u00a0\u00a0 \u00a0 \u00a0|\u00a0\u00a0\u00a0 \u00a0 \u00a0 \u00a0 \u00a0 \u00a0 \u00a0<span class=\"s1\">23<\/span>,<span class=\"s1\">5<\/span><\/p>\n<p class=\"p1\"><span class=\"s1\">35<\/span>\u00a0 \u00a0 \u00a0 \u00a0 \u00a0 \u00a0 \u00a0 \u00a0 \u00a0\u00a0 \u00a0 \u00a0|\u00a0\u00a0\u00a0 \u00a0 \u00a0 \u00a0 \u00a0 \u00a0 \u00a0<span class=\"s1\">24<\/span><\/p>\n<p class=\"p1\"><span class=\"s1\">36<\/span>\u00a0 \u00a0 \u00a0 \u00a0 \u00a0 \u00a0 \u00a0 \u00a0 \u00a0\u00a0 \u00a0 \u00a0|\u00a0\u00a0\u00a0 \u00a0 \u00a0 \u00a0 \u00a0 \u00a0 \u00a0<span class=\"s1\">24<\/span>,<span class=\"s1\">5<\/span><\/p>\n<p class=\"p1\"><span class=\"s1\">37<\/span>\u00a0 \u00a0 \u00a0 \u00a0 \u00a0 \u00a0 \u00a0 \u00a0 \u00a0\u00a0 \u00a0 \u00a0|\u00a0\u00a0\u00a0 \u00a0 \u00a0 \u00a0 \u00a0 \u00a0 \u00a0<span class=\"s1\">25<\/span><\/p>\n<p class=\"p1\"><span class=\"s1\">38<\/span>\u00a0 \u00a0 \u00a0 \u00a0 \u00a0 \u00a0 \u00a0 \u00a0 \u00a0\u00a0 \u00a0 \u00a0|\u00a0\u00a0\u00a0 \u00a0 \u00a0 \u00a0 \u00a0 \u00a0 \u00a0<span class=\"s1\">25<\/span>,<span class=\"s1\">5<\/span><\/p>\n<p class=\"p1\"><span class=\"s1\">39<\/span>\u00a0 \u00a0 \u00a0 \u00a0 \u00a0 \u00a0 \u00a0 \u00a0 \u00a0\u00a0 \u00a0 \u00a0|\u00a0\u00a0\u00a0 \u00a0 \u00a0 \u00a0 \u00a0 \u00a0 \u00a0<span class=\"s1\">26<\/span><\/p>\n<p class=\"p1\"><span class=\"s1\">40<\/span>\u00a0 \u00a0 \u00a0 \u00a0 \u00a0 \u00a0 \u00a0 \u00a0 \u00a0\u00a0 \u00a0 \u00a0|\u00a0\u00a0\u00a0 \u00a0 \u00a0 \u00a0 \u00a0 \u00a0 \u00a0<span class=\"s1\">26<\/span>,<span class=\"s1\">5<\/span><\/p>\n<p class=\"p1\"><strong><em>N\u00c3O UTILIZE A NUMERA\u00c7\u00c3O DO T\u00caNIS COMO COMPARATIVO PARA ESCOLHER SUA BOTA!<\/em><\/strong><\/p>\n<p class=\"p1\">Utilize uma r\u00e9gua para medir o comprimento do seu p\u00e9. Marque a dist\u00e2ncia entre a pontado dedo mais comprido at\u00e9 o calcanhar.<\/p>\n","protected":false},"excerpt":{"rendered":"<p>Bota Beretta &#8211; Criuola Tradicional<\/p>\n","protected":false},"featured_media":363,"comment_status":"open","ping_status":"closed","template":"","meta":[],"product_brand":[],"product_cat":[34,24],"product_tag":[81,79,73,75,83,21,84],"class_list":{"0":"post-362","1":"product","2":"type-product","3":"status-publish","4":"has-post-thumbnail","6":"product_cat-botas","7":"product_cat-pilcha-masculina","8":"product_tag-beretta","9":"product_tag-bota","10":"product_tag-campeira","11":"product_tag-couro","12":"product_tag-crioula","13":"product_tag-cultura-gaucha","14":"product_tag-tradicional","16":"first","17":"outofstock","18":"sold-individually","19":"shipping-taxable","20":"purchasable","21":"product-type-variable"},"_links":{"self":[{"href":"https:\/\/qtaltchepilchas.com\/index.php?rest_route=\/wp\/v2\/product\/362","targetHints":{"allow":["GET"]}}],"collection":[{"href":"https:\/\/qtaltchepilchas.com\/index.php?rest_route=\/wp\/v2\/product"}],"about":[{"href":"https:\/\/qtaltchepilchas.com\/index.php?rest_route=\/wp\/v2\/types\/product"}],"replies":[{"embeddable":true,"href":"https:\/\/qtaltchepilchas.com\/index.php?rest_route=%2Fwp%2Fv2%2Fcomments&post=362"}],"wp:featuredmedia":[{"embeddable":true,"href":"https:\/\/qtaltchepilchas.com\/index.php?rest_route=\/wp\/v2\/media\/363"}],"wp:attachment":[{"href":"https:\/\/qtaltchepilchas.com\/index.php?rest_route=%2Fwp%2Fv2%2Fmedia&parent=362"}],"wp:term":[{"taxonomy":"product_brand","embeddable":true,"href":"https:\/\/qtaltchepilchas.com\/index.php?rest_route=%2Fwp%2Fv2%2Fproduct_brand&post=362"},{"taxonomy":"product_cat","embeddable":true,"href":"https:\/\/qtaltchepilchas.com\/index.php?rest_route=%2Fwp%2Fv2%2Fproduct_cat&post=362"},{"taxonomy":"product_tag","embeddable":true,"href":"https:\/\/qtaltchepilchas.com\/index.php?rest_route=%2Fwp%2Fv2%2Fproduct_tag&post=362"}],"curies":[{"name":"wp","href":"https:\/\/api.w.org\/{rel}","templated":true}]}}