{"id":368,"date":"2025-08-17T12:34:45","date_gmt":"2025-08-17T15:34:45","guid":{"rendered":"https:\/\/qtaltchepilchas.com\/?post_type=product&#038;p=368"},"modified":"2025-12-19T16:26:54","modified_gmt":"2025-12-19T19:26:54","slug":"bombacha-feminina-surena","status":"publish","type":"product","link":"https:\/\/qtaltchepilchas.com\/?product=bombacha-feminina-surena","title":{"rendered":"Bombacha Feminina Sure\u00f1a"},"content":{"rendered":"<p>Bombacha Surenha, modelo Castelhana com elastano, super confort\u00e1vel para lida e com todo diferencial que as Bombachas Ga\u00facho t\u00eam!<\/p>\n","protected":false},"excerpt":{"rendered":"<p>Bombacha Sure\u00f1a &#8211; Ga\u00facho<\/p>\n","protected":false},"featured_media":367,"comment_status":"open","ping_status":"closed","template":"","meta":[],"product_brand":[],"product_cat":[85,25],"product_tag":[86,90,89,91,87,74,18,88,65],"class_list":{"0":"post-368","1":"product","2":"type-product","3":"status-publish","4":"has-post-thumbnail","6":"product_cat-bombacha-feminina","7":"product_cat-pilcha-feminina","8":"product_tag-bombacha","9":"product_tag-bordada","10":"product_tag-castelhana","11":"product_tag-elastano","12":"product_tag-feminina","13":"product_tag-gaucha","14":"product_tag-gaucho","15":"product_tag-surena","16":"product_tag-tradicao-gaucha","18":"first","19":"instock","20":"sold-individually","21":"shipping-taxable","22":"purchasable","23":"product-type-variable"},"_links":{"self":[{"href":"https:\/\/qtaltchepilchas.com\/index.php?rest_route=\/wp\/v2\/product\/368","targetHints":{"allow":["GET"]}}],"collection":[{"href":"https:\/\/qtaltchepilchas.com\/index.php?rest_route=\/wp\/v2\/product"}],"about":[{"href":"https:\/\/qtaltchepilchas.com\/index.php?rest_route=\/wp\/v2\/types\/product"}],"replies":[{"embeddable":true,"href":"https:\/\/qtaltchepilchas.com\/index.php?rest_route=%2Fwp%2Fv2%2Fcomments&post=368"}],"wp:featuredmedia":[{"embeddable":true,"href":"https:\/\/qtaltchepilchas.com\/index.php?rest_route=\/wp\/v2\/media\/367"}],"wp:attachment":[{"href":"https:\/\/qtaltchepilchas.com\/index.php?rest_route=%2Fwp%2Fv2%2Fmedia&parent=368"}],"wp:term":[{"taxonomy":"product_brand","embeddable":true,"href":"https:\/\/qtaltchepilchas.com\/index.php?rest_route=%2Fwp%2Fv2%2Fproduct_brand&post=368"},{"taxonomy":"product_cat","embeddable":true,"href":"https:\/\/qtaltchepilchas.com\/index.php?rest_route=%2Fwp%2Fv2%2Fproduct_cat&post=368"},{"taxonomy":"product_tag","embeddable":true,"href":"https:\/\/qtaltchepilchas.com\/index.php?rest_route=%2Fwp%2Fv2%2Fproduct_tag&post=368"}],"curies":[{"name":"wp","href":"https:\/\/api.w.org\/{rel}","templated":true}]}}