{"id":418,"date":"2025-08-19T16:46:43","date_gmt":"2025-08-19T19:46:43","guid":{"rendered":"https:\/\/qtaltchepilchas.com\/?post_type=product&#038;p=418"},"modified":"2026-02-27T18:54:19","modified_gmt":"2026-02-27T21:54:19","slug":"sapatilha-de-danca-prenda-salto-2cm","status":"publish","type":"product","link":"https:\/\/qtaltchepilchas.com\/?product=sapatilha-de-danca-prenda-salto-2cm","title":{"rendered":"Sapatilha de Dan\u00e7a Prenda Salto 2cm"},"content":{"rendered":"<p>As Sapatilhas de Dan\u00e7a Guria Campeira s\u00e3o as mais procuradas pelas prendas, seu conforto diferenciado, sua seguran\u00e7a e sua leveza fazem dela a sapatilha ideal para o galp\u00e3o.<\/p>\n<p>\u2022 Feita em Couro Bovino<br \/>\n\u2022 Solado micro deslizante<br \/>\n\u2022 Palmilha aveludada e anat\u00f4mica<br \/>\n\u2022 Forra\u00e7\u00e3o UltraConfort com almofada no calcanhar<br \/>\n\u2022 Fivela em banho grafite<\/p>\n","protected":false},"excerpt":{"rendered":"<p class=\"product-title\">Sapatilha de Dan\u00e7a Prenda &#8211; Guria Campeira<\/p>\n","protected":false},"featured_media":419,"comment_status":"open","ping_status":"closed","template":"","meta":[],"product_brand":[],"product_cat":[25,42],"product_tag":[73,93,96,94,92,65],"class_list":{"0":"post-418","1":"product","2":"type-product","3":"status-publish","4":"has-post-thumbnail","6":"product_cat-pilcha-feminina","7":"product_cat-sapatilha-de-prenda","8":"product_tag-campeira","9":"product_tag-danca","10":"product_tag-guria","11":"product_tag-prenda","12":"product_tag-sapatilha","13":"product_tag-tradicao-gaucha","15":"first","16":"instock","17":"sold-individually","18":"shipping-taxable","19":"purchasable","20":"product-type-variable"},"_links":{"self":[{"href":"https:\/\/qtaltchepilchas.com\/index.php?rest_route=\/wp\/v2\/product\/418","targetHints":{"allow":["GET"]}}],"collection":[{"href":"https:\/\/qtaltchepilchas.com\/index.php?rest_route=\/wp\/v2\/product"}],"about":[{"href":"https:\/\/qtaltchepilchas.com\/index.php?rest_route=\/wp\/v2\/types\/product"}],"replies":[{"embeddable":true,"href":"https:\/\/qtaltchepilchas.com\/index.php?rest_route=%2Fwp%2Fv2%2Fcomments&post=418"}],"wp:featuredmedia":[{"embeddable":true,"href":"https:\/\/qtaltchepilchas.com\/index.php?rest_route=\/wp\/v2\/media\/419"}],"wp:attachment":[{"href":"https:\/\/qtaltchepilchas.com\/index.php?rest_route=%2Fwp%2Fv2%2Fmedia&parent=418"}],"wp:term":[{"taxonomy":"product_brand","embeddable":true,"href":"https:\/\/qtaltchepilchas.com\/index.php?rest_route=%2Fwp%2Fv2%2Fproduct_brand&post=418"},{"taxonomy":"product_cat","embeddable":true,"href":"https:\/\/qtaltchepilchas.com\/index.php?rest_route=%2Fwp%2Fv2%2Fproduct_cat&post=418"},{"taxonomy":"product_tag","embeddable":true,"href":"https:\/\/qtaltchepilchas.com\/index.php?rest_route=%2Fwp%2Fv2%2Fproduct_tag&post=418"}],"curies":[{"name":"wp","href":"https:\/\/api.w.org\/{rel}","templated":true}]}}