{"id":524,"date":"2025-08-28T10:03:01","date_gmt":"2025-08-28T13:03:01","guid":{"rendered":"https:\/\/qtaltchepilchas.com\/?post_type=product&#038;p=524"},"modified":"2025-10-01T06:55:54","modified_gmt":"2025-10-01T09:55:54","slug":"anel_de_lenco-brasao","status":"publish","type":"product","link":"https:\/\/qtaltchepilchas.com\/?product=anel_de_lenco-brasao","title":{"rendered":"Anel de Len\u00e7o &#8211; Bras\u00e3o"},"content":{"rendered":"<p>Anel passa len\u00e7o feito de metal com motivo bras\u00e3o.<\/p>\n","protected":false},"excerpt":{"rendered":"<p>Anel de Len\u00e7o &#8211; Bras\u00e3o<\/p>\n","protected":false},"featured_media":525,"comment_status":"open","ping_status":"closed","template":"","meta":[],"product_brand":[],"product_cat":[28,53],"product_tag":[114,21,115,118,119],"class_list":{"0":"post-524","1":"product","2":"type-product","3":"status-publish","4":"has-post-thumbnail","6":"product_cat-acessorios-na-pilcha","7":"product_cat-anel-de-lenco","8":"product_tag-anel","9":"product_tag-cultura-gaucha","10":"product_tag-lenco","11":"product_tag-no","12":"product_tag-passa-lenco","14":"first","15":"instock","16":"sold-individually","17":"shipping-taxable","18":"purchasable","19":"product-type-simple"},"_links":{"self":[{"href":"https:\/\/qtaltchepilchas.com\/index.php?rest_route=\/wp\/v2\/product\/524","targetHints":{"allow":["GET"]}}],"collection":[{"href":"https:\/\/qtaltchepilchas.com\/index.php?rest_route=\/wp\/v2\/product"}],"about":[{"href":"https:\/\/qtaltchepilchas.com\/index.php?rest_route=\/wp\/v2\/types\/product"}],"replies":[{"embeddable":true,"href":"https:\/\/qtaltchepilchas.com\/index.php?rest_route=%2Fwp%2Fv2%2Fcomments&post=524"}],"wp:featuredmedia":[{"embeddable":true,"href":"https:\/\/qtaltchepilchas.com\/index.php?rest_route=\/wp\/v2\/media\/525"}],"wp:attachment":[{"href":"https:\/\/qtaltchepilchas.com\/index.php?rest_route=%2Fwp%2Fv2%2Fmedia&parent=524"}],"wp:term":[{"taxonomy":"product_brand","embeddable":true,"href":"https:\/\/qtaltchepilchas.com\/index.php?rest_route=%2Fwp%2Fv2%2Fproduct_brand&post=524"},{"taxonomy":"product_cat","embeddable":true,"href":"https:\/\/qtaltchepilchas.com\/index.php?rest_route=%2Fwp%2Fv2%2Fproduct_cat&post=524"},{"taxonomy":"product_tag","embeddable":true,"href":"https:\/\/qtaltchepilchas.com\/index.php?rest_route=%2Fwp%2Fv2%2Fproduct_tag&post=524"}],"curies":[{"name":"wp","href":"https:\/\/api.w.org\/{rel}","templated":true}]}}