{"id":772,"date":"2025-09-11T12:32:43","date_gmt":"2025-09-11T15:32:43","guid":{"rendered":"https:\/\/qtaltchepilchas.com\/?post_type=product&#038;p=772"},"modified":"2025-10-10T14:41:21","modified_gmt":"2025-10-10T17:41:21","slug":"vestido-de-prenda-vemelho","status":"publish","type":"product","link":"https:\/\/qtaltchepilchas.com\/?product=vestido-de-prenda-vemelho","title":{"rendered":"Vestido de Prenda &#8211; Vemelho"},"content":{"rendered":"<p>Vestido de Prenda &#8211; Vemelho (modelos com m\u00ednimas varia\u00e7\u00f5es)<\/p>\n","protected":false},"excerpt":{"rendered":"<p>Vestido de Prenda &#8211; Vemelho<\/p>\n","protected":false},"featured_media":773,"comment_status":"open","ping_status":"closed","template":"","meta":[],"product_brand":[],"product_cat":[25,40],"product_tag":[],"class_list":{"0":"post-772","1":"product","2":"type-product","3":"status-publish","4":"has-post-thumbnail","6":"product_cat-pilcha-feminina","7":"product_cat-vestido-de-prenda","9":"first","10":"instock","11":"sold-individually","12":"shipping-taxable","13":"purchasable","14":"product-type-variable"},"_links":{"self":[{"href":"https:\/\/qtaltchepilchas.com\/index.php?rest_route=\/wp\/v2\/product\/772","targetHints":{"allow":["GET"]}}],"collection":[{"href":"https:\/\/qtaltchepilchas.com\/index.php?rest_route=\/wp\/v2\/product"}],"about":[{"href":"https:\/\/qtaltchepilchas.com\/index.php?rest_route=\/wp\/v2\/types\/product"}],"replies":[{"embeddable":true,"href":"https:\/\/qtaltchepilchas.com\/index.php?rest_route=%2Fwp%2Fv2%2Fcomments&post=772"}],"wp:featuredmedia":[{"embeddable":true,"href":"https:\/\/qtaltchepilchas.com\/index.php?rest_route=\/wp\/v2\/media\/773"}],"wp:attachment":[{"href":"https:\/\/qtaltchepilchas.com\/index.php?rest_route=%2Fwp%2Fv2%2Fmedia&parent=772"}],"wp:term":[{"taxonomy":"product_brand","embeddable":true,"href":"https:\/\/qtaltchepilchas.com\/index.php?rest_route=%2Fwp%2Fv2%2Fproduct_brand&post=772"},{"taxonomy":"product_cat","embeddable":true,"href":"https:\/\/qtaltchepilchas.com\/index.php?rest_route=%2Fwp%2Fv2%2Fproduct_cat&post=772"},{"taxonomy":"product_tag","embeddable":true,"href":"https:\/\/qtaltchepilchas.com\/index.php?rest_route=%2Fwp%2Fv2%2Fproduct_tag&post=772"}],"curies":[{"name":"wp","href":"https:\/\/api.w.org\/{rel}","templated":true}]}}