{"id":852,"date":"2025-09-12T16:28:37","date_gmt":"2025-09-12T19:28:37","guid":{"rendered":"https:\/\/qtaltchepilchas.com\/?post_type=product&#038;p=852"},"modified":"2025-09-25T15:45:33","modified_gmt":"2025-09-25T18:45:33","slug":"alpargata-cadarco-feminina-sepe","status":"publish","type":"product","link":"https:\/\/qtaltchepilchas.com\/?product=alpargata-cadarco-feminina-sepe","title":{"rendered":"Alpargata Cadar\u00e7o Feminina &#8211; Sep\u00e9"},"content":{"rendered":"<p>Alpargata Cadar\u00e7o Feminina &#8211; Sep\u00e9<\/p>\n","protected":false},"excerpt":{"rendered":"<p>Alpargata Cadar\u00e7o Feminina &#8211; Sep\u00e9<\/p>\n","protected":false},"featured_media":853,"comment_status":"open","ping_status":"closed","template":"","meta":[],"product_brand":[],"product_cat":[50,27],"product_tag":[150,72,140,73,87,74],"class_list":{"0":"post-852","1":"product","2":"type-product","3":"status-publish","4":"has-post-thumbnail","6":"product_cat-alpargatas","7":"product_cat-calcados-campeiros","8":"product_tag-alpargata","9":"product_tag-alpargatas","10":"product_tag-cadarco","11":"product_tag-campeira","12":"product_tag-feminina","13":"product_tag-gaucha","15":"first","16":"instock","17":"sold-individually","18":"shipping-taxable","19":"purchasable","20":"product-type-variable"},"_links":{"self":[{"href":"https:\/\/qtaltchepilchas.com\/index.php?rest_route=\/wp\/v2\/product\/852","targetHints":{"allow":["GET"]}}],"collection":[{"href":"https:\/\/qtaltchepilchas.com\/index.php?rest_route=\/wp\/v2\/product"}],"about":[{"href":"https:\/\/qtaltchepilchas.com\/index.php?rest_route=\/wp\/v2\/types\/product"}],"replies":[{"embeddable":true,"href":"https:\/\/qtaltchepilchas.com\/index.php?rest_route=%2Fwp%2Fv2%2Fcomments&post=852"}],"wp:featuredmedia":[{"embeddable":true,"href":"https:\/\/qtaltchepilchas.com\/index.php?rest_route=\/wp\/v2\/media\/853"}],"wp:attachment":[{"href":"https:\/\/qtaltchepilchas.com\/index.php?rest_route=%2Fwp%2Fv2%2Fmedia&parent=852"}],"wp:term":[{"taxonomy":"product_brand","embeddable":true,"href":"https:\/\/qtaltchepilchas.com\/index.php?rest_route=%2Fwp%2Fv2%2Fproduct_brand&post=852"},{"taxonomy":"product_cat","embeddable":true,"href":"https:\/\/qtaltchepilchas.com\/index.php?rest_route=%2Fwp%2Fv2%2Fproduct_cat&post=852"},{"taxonomy":"product_tag","embeddable":true,"href":"https:\/\/qtaltchepilchas.com\/index.php?rest_route=%2Fwp%2Fv2%2Fproduct_tag&post=852"}],"curies":[{"name":"wp","href":"https:\/\/api.w.org\/{rel}","templated":true}]}}